{"id":572,"date":"2024-06-21T22:12:16","date_gmt":"2024-06-21T21:12:16","guid":{"rendered":"https:\/\/thomas-piper.de\/?page_id=572"},"modified":"2025-04-04T21:09:02","modified_gmt":"2025-04-04T20:09:02","slug":"videojournalist-vj","status":"publish","type":"page","link":"https:\/\/thomas-piper.de\/?page_id=572","title":{"rendered":"Videojournalist  VJ"},"content":{"rendered":"\t\t<div data-elementor-type=\"wp-page\" data-elementor-id=\"572\" class=\"elementor elementor-572\" data-elementor-post-type=\"page\">\n\t\t\t\t\t\t<section class=\"elementor-section elementor-top-section elementor-element elementor-element-df18d28 elementor-section-boxed elementor-section-height-default elementor-section-height-default\" data-id=\"df18d28\" data-element_type=\"section\" data-e-type=\"section\">\n\t\t\t\t\t\t<div class=\"elementor-container elementor-column-gap-default\">\n\t\t\t\t\t<div class=\"elementor-column elementor-col-100 elementor-top-column elementor-element elementor-element-04573d2\" data-id=\"04573d2\" data-element_type=\"column\" data-e-type=\"column\">\n\t\t\t<div class=\"elementor-widget-wrap elementor-element-populated\">\n\t\t\t\t\t\t<div class=\"elementor-element elementor-element-62df908 elementor-widget elementor-widget-heading\" data-id=\"62df908\" data-element_type=\"widget\" data-e-type=\"widget\" data-widget_type=\"heading.default\">\n\t\t\t\t<div class=\"elementor-widget-container\">\n\t\t\t\t\t<h2 class=\"elementor-heading-title elementor-size-default\">Kameramann,Videojournalist,VJ <\/h2>\t\t\t\t<\/div>\n\t\t\t\t<\/div>\n\t\t\t\t\t<\/div>\n\t\t<\/div>\n\t\t\t\t\t<\/div>\n\t\t<\/section>\n\t\t\t\t<section class=\"elementor-section elementor-top-section elementor-element elementor-element-99844c1 elementor-section-boxed elementor-section-height-default elementor-section-height-default\" data-id=\"99844c1\" data-element_type=\"section\" data-e-type=\"section\">\n\t\t\t\t\t\t<div class=\"elementor-container elementor-column-gap-default\">\n\t\t\t\t\t<div class=\"elementor-column elementor-col-100 elementor-top-column elementor-element elementor-element-60f4b8c\" data-id=\"60f4b8c\" data-element_type=\"column\" data-e-type=\"column\">\n\t\t\t<div class=\"elementor-widget-wrap elementor-element-populated\">\n\t\t\t\t\t\t<div class=\"elementor-element elementor-element-73c425b elementor-widget elementor-widget-image\" data-id=\"73c425b\" data-element_type=\"widget\" data-e-type=\"widget\" data-widget_type=\"image.default\">\n\t\t\t\t<div class=\"elementor-widget-container\">\n\t\t\t\t\t\t\t\t\t\t\t\t\t\t\t<img fetchpriority=\"high\" decoding=\"async\" width=\"640\" height=\"553\" src=\"https:\/\/thomas-piper.de\/wp-content\/uploads\/2020\/06\/rowo-flo\u00df-neu.jpg\" class=\"attachment-large size-large wp-image-322\" alt=\"\" srcset=\"https:\/\/thomas-piper.de\/wp-content\/uploads\/2020\/06\/rowo-flo\u00df-neu.jpg 917w, https:\/\/thomas-piper.de\/wp-content\/uploads\/2020\/06\/rowo-flo\u00df-neu-300x259.jpg 300w, https:\/\/thomas-piper.de\/wp-content\/uploads\/2020\/06\/rowo-flo\u00df-neu-768x663.jpg 768w\" sizes=\"(max-width: 640px) 100vw, 640px\" \/>\t\t\t\t\t\t\t\t\t\t\t\t\t\t\t<\/div>\n\t\t\t\t<\/div>\n\t\t\t\t\t<\/div>\n\t\t<\/div>\n\t\t\t\t\t<\/div>\n\t\t<\/section>\n\t\t\t\t<section class=\"elementor-section elementor-top-section elementor-element elementor-element-2595ff7 elementor-section-boxed elementor-section-height-default elementor-section-height-default\" data-id=\"2595ff7\" data-element_type=\"section\" data-e-type=\"section\">\n\t\t\t\t\t\t<div class=\"elementor-container elementor-column-gap-default\">\n\t\t\t\t\t<div class=\"elementor-column elementor-col-100 elementor-top-column elementor-element elementor-element-8bb19fb\" data-id=\"8bb19fb\" data-element_type=\"column\" data-e-type=\"column\">\n\t\t\t<div class=\"elementor-widget-wrap elementor-element-populated\">\n\t\t\t\t\t\t<div class=\"elementor-element elementor-element-fad617f elementor-widget elementor-widget-text-editor\" data-id=\"fad617f\" data-element_type=\"widget\" data-e-type=\"widget\" data-widget_type=\"text-editor.default\">\n\t\t\t\t<div class=\"elementor-widget-container\">\n\t\t\t\t\t\t\t\t\t<p><strong>Im Einsatz als VJ :<\/strong><\/p><p>Aktuelle Berichterstattung f\u00fcr Nachrichten im Ein-Mann-Team\u00a0 mit kompakter Ausr\u00fcstung.<\/p><p>Mobiele Daten\u00fcbertragung mit Laptop \u00fcber schnelles 5G &#8211; Datennetzwerk.<\/p>\t\t\t\t\t\t\t\t<\/div>\n\t\t\t\t<\/div>\n\t\t\t\t\t<\/div>\n\t\t<\/div>\n\t\t\t\t\t<\/div>\n\t\t<\/section>\n\t\t\t\t<\/div>\n\t\t","protected":false},"excerpt":{"rendered":"<p>Kameramann,Videojournalist,VJ Im Einsatz als VJ : Aktuelle Berichterstattung f\u00fcr Nachrichten im Ein-Mann-Team\u00a0 mit kompakter Ausr\u00fcstung. Mobiele Daten\u00fcbertragung mit Laptop \u00fcber schnelles 5G &#8211; Datennetzwerk.<\/p>\n","protected":false},"author":1,"featured_media":0,"parent":0,"menu_order":1,"comment_status":"closed","ping_status":"closed","template":"elementor_header_footer","meta":{"footnotes":""},"class_list":["post-572","page","type-page","status-publish","hentry"],"_links":{"self":[{"href":"https:\/\/thomas-piper.de\/index.php?rest_route=\/wp\/v2\/pages\/572","targetHints":{"allow":["GET"]}}],"collection":[{"href":"https:\/\/thomas-piper.de\/index.php?rest_route=\/wp\/v2\/pages"}],"about":[{"href":"https:\/\/thomas-piper.de\/index.php?rest_route=\/wp\/v2\/types\/page"}],"author":[{"embeddable":true,"href":"https:\/\/thomas-piper.de\/index.php?rest_route=\/wp\/v2\/users\/1"}],"replies":[{"embeddable":true,"href":"https:\/\/thomas-piper.de\/index.php?rest_route=%2Fwp%2Fv2%2Fcomments&post=572"}],"version-history":[{"count":31,"href":"https:\/\/thomas-piper.de\/index.php?rest_route=\/wp\/v2\/pages\/572\/revisions"}],"predecessor-version":[{"id":808,"href":"https:\/\/thomas-piper.de\/index.php?rest_route=\/wp\/v2\/pages\/572\/revisions\/808"}],"wp:attachment":[{"href":"https:\/\/thomas-piper.de\/index.php?rest_route=%2Fwp%2Fv2%2Fmedia&parent=572"}],"curies":[{"name":"wp","href":"https:\/\/api.w.org\/{rel}","templated":true}]}}