{"id":233,"date":"2020-01-17T19:20:53","date_gmt":"2020-01-17T18:20:53","guid":{"rendered":"http:\/\/thomas-piper.de\/?page_id=233"},"modified":"2026-03-27T22:18:19","modified_gmt":"2026-03-27T21:18:19","slug":"elementor-233","status":"publish","type":"page","link":"https:\/\/thomas-piper.de\/","title":{"rendered":"Thomas  Piper"},"content":{"rendered":"\t\t<div data-elementor-type=\"wp-post\" data-elementor-id=\"233\" class=\"elementor elementor-233\" data-elementor-post-type=\"page\">\n\t\t\t\t\t\t<section class=\"elementor-section elementor-top-section elementor-element elementor-element-5ef3512 elementor-section-boxed elementor-section-height-default elementor-section-height-default\" data-id=\"5ef3512\" data-element_type=\"section\" data-e-type=\"section\">\n\t\t\t\t\t\t<div class=\"elementor-container elementor-column-gap-default\">\n\t\t\t\t\t<div class=\"elementor-column elementor-col-100 elementor-top-column elementor-element elementor-element-50fd34b\" data-id=\"50fd34b\" data-element_type=\"column\" data-e-type=\"column\">\n\t\t\t<div class=\"elementor-widget-wrap elementor-element-populated\">\n\t\t\t\t\t\t<div class=\"elementor-element elementor-element-d8621a3 elementor-widget elementor-widget-heading\" data-id=\"d8621a3\" data-element_type=\"widget\" data-e-type=\"widget\" data-widget_type=\"heading.default\">\n\t\t\t\t<div class=\"elementor-widget-container\">\n\t\t\t\t\t<h2 class=\"elementor-heading-title elementor-size-default\"><br>Thomas Piper <\/h2>\t\t\t\t<\/div>\n\t\t\t\t<\/div>\n\t\t\t\t<div class=\"elementor-element elementor-element-89c2a0e elementor-widget elementor-widget-image\" data-id=\"89c2a0e\" data-element_type=\"widget\" data-e-type=\"widget\" data-widget_type=\"image.default\">\n\t\t\t\t<div class=\"elementor-widget-container\">\n\t\t\t\t\t\t\t\t\t\t\t\t\t\t\t<img fetchpriority=\"high\" decoding=\"async\" width=\"640\" height=\"553\" src=\"https:\/\/thomas-piper.de\/wp-content\/uploads\/2020\/06\/rowo-flo\u00df-neu.jpg\" class=\"attachment-large size-large wp-image-322\" alt=\"\" srcset=\"https:\/\/thomas-piper.de\/wp-content\/uploads\/2020\/06\/rowo-flo\u00df-neu.jpg 917w, https:\/\/thomas-piper.de\/wp-content\/uploads\/2020\/06\/rowo-flo\u00df-neu-300x259.jpg 300w, https:\/\/thomas-piper.de\/wp-content\/uploads\/2020\/06\/rowo-flo\u00df-neu-768x663.jpg 768w\" sizes=\"(max-width: 640px) 100vw, 640px\" \/>\t\t\t\t\t\t\t\t\t\t\t\t\t\t\t<\/div>\n\t\t\t\t<\/div>\n\t\t\t\t\t<\/div>\n\t\t<\/div>\n\t\t\t\t\t<\/div>\n\t\t<\/section>\n\t\t\t\t<section class=\"elementor-section elementor-top-section elementor-element elementor-element-0c78a0e elementor-section-boxed elementor-section-height-default elementor-section-height-default\" data-id=\"0c78a0e\" data-element_type=\"section\" data-e-type=\"section\">\n\t\t\t\t\t\t<div class=\"elementor-container elementor-column-gap-default\">\n\t\t\t\t\t<div class=\"elementor-column elementor-col-100 elementor-top-column elementor-element elementor-element-3acee9d\" data-id=\"3acee9d\" data-element_type=\"column\" data-e-type=\"column\">\n\t\t\t<div class=\"elementor-widget-wrap elementor-element-populated\">\n\t\t\t\t\t\t<div class=\"elementor-element elementor-element-d983cdc elementor-widget elementor-widget-heading\" data-id=\"d983cdc\" data-element_type=\"widget\" data-e-type=\"widget\" data-widget_type=\"heading.default\">\n\t\t\t\t<div class=\"elementor-widget-container\">\n\t\t\t\t\t<h2 class=\"elementor-heading-title elementor-size-default\">Kameramann , VJ ,\nContent Creation <\/h2>\t\t\t\t<\/div>\n\t\t\t\t<\/div>\n\t\t\t\t<div class=\"elementor-element elementor-element-c616daf elementor-widget elementor-widget-text-editor\" data-id=\"c616daf\" data-element_type=\"widget\" data-e-type=\"widget\" data-widget_type=\"text-editor.default\">\n\t\t\t\t<div class=\"elementor-widget-container\">\n\t\t\t\t\t\t\t\t\t<p>Thomas Piper<\/p><p>Telefon 01772702900<\/p><p>K\u00f6rnerstra\u00dfe 6<\/p><p>65185 Wiesbaden<\/p>\t\t\t\t\t\t\t\t<\/div>\n\t\t\t\t<\/div>\n\t\t\t\t\t<\/div>\n\t\t<\/div>\n\t\t\t\t\t<\/div>\n\t\t<\/section>\n\t\t\t\t<section class=\"elementor-section elementor-top-section elementor-element elementor-element-0bbfd3b elementor-section-boxed elementor-section-height-default elementor-section-height-default\" data-id=\"0bbfd3b\" data-element_type=\"section\" data-e-type=\"section\">\n\t\t\t\t\t\t<div class=\"elementor-container elementor-column-gap-default\">\n\t\t\t\t\t<div class=\"elementor-column elementor-col-100 elementor-top-column elementor-element elementor-element-f2329b6\" data-id=\"f2329b6\" data-element_type=\"column\" data-e-type=\"column\">\n\t\t\t<div class=\"elementor-widget-wrap elementor-element-populated\">\n\t\t\t\t\t\t<div class=\"elementor-element elementor-element-03ee376 elementor-widget elementor-widget-text-editor\" data-id=\"03ee376\" data-element_type=\"widget\" data-e-type=\"widget\" data-widget_type=\"text-editor.default\">\n\t\t\t\t<div class=\"elementor-widget-container\">\n\t\t\t\t\t\t\t\t\t<p><strong>Professioneller Kameramann und VJ f\u00fcr, News, Reportage, Image-Film<\/strong><\/p><p>Als Kameramann im EB-Team und als VJ<\/p><p>Komplette Image-Film Produktion<\/p><p>Dreh auf Panasonic VJ Kamera ,oder<\/p><p>Panasonic EVA1 Cinema Kamera<\/p><p>An jedem Drehort in Wiesbaden, Mainz, Frankfurt, und weltweit.<\/p><p>F\u00fcr ARD ZDF SWR BR HR DW Welt-N24<\/p>\t\t\t\t\t\t\t\t<\/div>\n\t\t\t\t<\/div>\n\t\t\t\t\t<\/div>\n\t\t<\/div>\n\t\t\t\t\t<\/div>\n\t\t<\/section>\n\t\t\t\t<\/div>\n\t\t","protected":false},"excerpt":{"rendered":"<p>Thomas Piper Kameramann , VJ , Content Creation Thomas Piper Telefon 01772702900 K\u00f6rnerstra\u00dfe 6 65185 Wiesbaden Professioneller Kameramann und VJ f\u00fcr, News, Reportage, Image-Film&#8230;<\/p>\n","protected":false},"author":1,"featured_media":0,"parent":0,"menu_order":0,"comment_status":"closed","ping_status":"closed","template":"elementor_header_footer","meta":{"footnotes":""},"class_list":["post-233","page","type-page","status-publish","hentry"],"_links":{"self":[{"href":"https:\/\/thomas-piper.de\/index.php?rest_route=\/wp\/v2\/pages\/233","targetHints":{"allow":["GET"]}}],"collection":[{"href":"https:\/\/thomas-piper.de\/index.php?rest_route=\/wp\/v2\/pages"}],"about":[{"href":"https:\/\/thomas-piper.de\/index.php?rest_route=\/wp\/v2\/types\/page"}],"author":[{"embeddable":true,"href":"https:\/\/thomas-piper.de\/index.php?rest_route=\/wp\/v2\/users\/1"}],"replies":[{"embeddable":true,"href":"https:\/\/thomas-piper.de\/index.php?rest_route=%2Fwp%2Fv2%2Fcomments&post=233"}],"version-history":[{"count":53,"href":"https:\/\/thomas-piper.de\/index.php?rest_route=\/wp\/v2\/pages\/233\/revisions"}],"predecessor-version":[{"id":843,"href":"https:\/\/thomas-piper.de\/index.php?rest_route=\/wp\/v2\/pages\/233\/revisions\/843"}],"wp:attachment":[{"href":"https:\/\/thomas-piper.de\/index.php?rest_route=%2Fwp%2Fv2%2Fmedia&parent=233"}],"curies":[{"name":"wp","href":"https:\/\/api.w.org\/{rel}","templated":true}]}}