{"id":18,"date":"2019-03-04T06:51:46","date_gmt":"2019-03-04T05:51:46","guid":{"rendered":"http:\/\/thomas-piper.de\/?page_id=18"},"modified":"2025-04-04T21:07:35","modified_gmt":"2025-04-04T20:07:35","slug":"ueber-mich","status":"publish","type":"page","link":"https:\/\/thomas-piper.de\/?page_id=18","title":{"rendered":"\u00fcber mich"},"content":{"rendered":"\t\t<div data-elementor-type=\"wp-post\" data-elementor-id=\"18\" class=\"elementor elementor-18\" data-elementor-post-type=\"page\">\n\t\t\t\t\t\t<section class=\"elementor-section elementor-top-section elementor-element elementor-element-7175984 elementor-section-boxed elementor-section-height-default elementor-section-height-default\" data-id=\"7175984\" data-element_type=\"section\" data-e-type=\"section\">\n\t\t\t\t\t\t<div class=\"elementor-container elementor-column-gap-default\">\n\t\t\t\t\t<div class=\"elementor-column elementor-col-100 elementor-top-column elementor-element elementor-element-9e9c416\" data-id=\"9e9c416\" data-element_type=\"column\" data-e-type=\"column\">\n\t\t\t<div class=\"elementor-widget-wrap elementor-element-populated\">\n\t\t\t\t\t\t<div class=\"elementor-element elementor-element-62aeff9 elementor-widget elementor-widget-image\" data-id=\"62aeff9\" data-element_type=\"widget\" data-e-type=\"widget\" data-widget_type=\"image.default\">\n\t\t\t\t<div class=\"elementor-widget-container\">\n\t\t\t\t\t\t\t\t\t\t\t\t\t\t\t<img fetchpriority=\"high\" decoding=\"async\" width=\"640\" height=\"427\" src=\"https:\/\/thomas-piper.de\/wp-content\/uploads\/2025\/04\/Passbild-TP-1024x683.jpeg\" class=\"attachment-large size-large wp-image-738\" alt=\"\" srcset=\"https:\/\/thomas-piper.de\/wp-content\/uploads\/2025\/04\/Passbild-TP-1024x683.jpeg 1024w, https:\/\/thomas-piper.de\/wp-content\/uploads\/2025\/04\/Passbild-TP-300x200.jpeg 300w, https:\/\/thomas-piper.de\/wp-content\/uploads\/2025\/04\/Passbild-TP-768x512.jpeg 768w, https:\/\/thomas-piper.de\/wp-content\/uploads\/2025\/04\/Passbild-TP-1536x1024.jpeg 1536w, https:\/\/thomas-piper.de\/wp-content\/uploads\/2025\/04\/Passbild-TP-2048x1365.jpeg 2048w\" sizes=\"(max-width: 640px) 100vw, 640px\" \/>\t\t\t\t\t\t\t\t\t\t\t\t\t\t\t<\/div>\n\t\t\t\t<\/div>\n\t\t\t\t\t<\/div>\n\t\t<\/div>\n\t\t\t\t\t<\/div>\n\t\t<\/section>\n\t\t\t\t<section class=\"elementor-section elementor-top-section elementor-element elementor-element-d40d157 elementor-section-boxed elementor-section-height-default elementor-section-height-default\" data-id=\"d40d157\" data-element_type=\"section\" data-e-type=\"section\">\n\t\t\t\t\t\t<div class=\"elementor-container elementor-column-gap-default\">\n\t\t\t\t\t<div class=\"elementor-column elementor-col-100 elementor-top-column elementor-element elementor-element-b687d2d\" data-id=\"b687d2d\" data-element_type=\"column\" data-e-type=\"column\">\n\t\t\t<div class=\"elementor-widget-wrap elementor-element-populated\">\n\t\t\t\t\t\t<div class=\"elementor-element elementor-element-01b9f58 elementor-widget elementor-widget-text-editor\" data-id=\"01b9f58\" data-element_type=\"widget\" data-e-type=\"widget\" data-widget_type=\"text-editor.default\">\n\t\t\t\t<div class=\"elementor-widget-container\">\n\t\t\t\t\t\t\t\t\t<p><strong>\u00dcber mich:<\/strong><\/p><p>Ich bin freiberuflicher Kameramann mit langj\u00e4hriger Berufserfahrung in derMedienproduktion.<\/p><p>In der aktuellen Berichterstattung, arbeite ich f\u00fcr viele deutsche Sender wie ARD,ZDF,N24, aber auch ausl\u00e4ndiche Anbieter wie SF und ORF.<\/p><p>Ich arbeite nicht nur als Kameramann, sondernr bin auch als Videojournalist \/ Contentproducer t\u00e4tig und \u00fcbernehme dabei redaktionelle Aufgaben und den Schnitt der Beitr\u00e4ge.<\/p><p>Seit 2006 bin ich im Bereich Corporate Video T\u00e4tig und erstelle Produkt- und Image- Und Recrutingfilme von der Konzeption bis zum fertigen Film und dessen Verbreitung<\/p><p>Ich habe meine Basis in Wiesbaden und arbeite von hier aus nicht nur im gesamten Rhein Main Gebiet.<\/p><p>Dank Optimaler Verkehrsanbindung kann ich Drehorte in ganz Deutschland gut\u00a0 errreichen.<\/p><p>F\u00fcr weltweite Eins\u00e4tze stehe ich vom Frankfurter Flughafen aus schnell\u00a0 zur Verf\u00fcgung.<\/p>\t\t\t\t\t\t\t\t<\/div>\n\t\t\t\t<\/div>\n\t\t\t\t\t<\/div>\n\t\t<\/div>\n\t\t\t\t\t<\/div>\n\t\t<\/section>\n\t\t\t\t<\/div>\n\t\t","protected":false},"excerpt":{"rendered":"<p>\u00dcber mich: Ich bin freiberuflicher Kameramann mit langj\u00e4hriger Berufserfahrung in derMedienproduktion. In der aktuellen Berichterstattung, arbeite ich f\u00fcr viele deutsche Sender wie ARD,ZDF,N24, aber&#8230;<\/p>\n","protected":false},"author":1,"featured_media":0,"parent":0,"menu_order":5,"comment_status":"closed","ping_status":"closed","template":"elementor_header_footer","meta":{"footnotes":""},"class_list":["post-18","page","type-page","status-publish","hentry"],"_links":{"self":[{"href":"https:\/\/thomas-piper.de\/index.php?rest_route=\/wp\/v2\/pages\/18","targetHints":{"allow":["GET"]}}],"collection":[{"href":"https:\/\/thomas-piper.de\/index.php?rest_route=\/wp\/v2\/pages"}],"about":[{"href":"https:\/\/thomas-piper.de\/index.php?rest_route=\/wp\/v2\/types\/page"}],"author":[{"embeddable":true,"href":"https:\/\/thomas-piper.de\/index.php?rest_route=\/wp\/v2\/users\/1"}],"replies":[{"embeddable":true,"href":"https:\/\/thomas-piper.de\/index.php?rest_route=%2Fwp%2Fv2%2Fcomments&post=18"}],"version-history":[{"count":38,"href":"https:\/\/thomas-piper.de\/index.php?rest_route=\/wp\/v2\/pages\/18\/revisions"}],"predecessor-version":[{"id":744,"href":"https:\/\/thomas-piper.de\/index.php?rest_route=\/wp\/v2\/pages\/18\/revisions\/744"}],"wp:attachment":[{"href":"https:\/\/thomas-piper.de\/index.php?rest_route=%2Fwp%2Fv2%2Fmedia&parent=18"}],"curies":[{"name":"wp","href":"https:\/\/api.w.org\/{rel}","templated":true}]}}