{"id":13,"date":"2019-03-03T13:04:52","date_gmt":"2019-03-03T12:04:52","guid":{"rendered":"http:\/\/thomas-piper.de\/?page_id=13"},"modified":"2025-04-04T21:07:53","modified_gmt":"2025-04-04T20:07:53","slug":"impresssum","status":"publish","type":"page","link":"https:\/\/thomas-piper.de\/?page_id=13","title":{"rendered":"Impresssum"},"content":{"rendered":"\t\t<div data-elementor-type=\"wp-page\" data-elementor-id=\"13\" class=\"elementor elementor-13\" data-elementor-post-type=\"page\">\n\t\t\t\t\t\t<section class=\"elementor-section elementor-top-section elementor-element elementor-element-1958e55a elementor-section-boxed elementor-section-height-default elementor-section-height-default\" data-id=\"1958e55a\" data-element_type=\"section\" data-e-type=\"section\">\n\t\t\t\t\t\t<div class=\"elementor-container elementor-column-gap-default\">\n\t\t\t\t\t<div class=\"elementor-column elementor-col-100 elementor-top-column elementor-element elementor-element-24dd818\" data-id=\"24dd818\" data-element_type=\"column\" data-e-type=\"column\">\n\t\t\t<div class=\"elementor-widget-wrap elementor-element-populated\">\n\t\t\t\t\t\t<div class=\"elementor-element elementor-element-235f58c7 elementor-widget elementor-widget-text-editor\" data-id=\"235f58c7\" data-element_type=\"widget\" data-e-type=\"widget\" data-widget_type=\"text-editor.default\">\n\t\t\t\t<div class=\"elementor-widget-container\">\n\t\t\t\t\t\t\t\t\t<p><strong>Impressum:<\/strong><\/p><p><strong>Angaben gem\u00e4\u00df \u00a7 5 TMG <\/strong><strong>Verantwortlich fu\u0308r den Inhalt <\/strong><\/p><p>Thomas Piper<br data-rich-text-line-break=\"true\" \/>K\u00f6rnerstra\u00dfe 6<br data-rich-text-line-break=\"true\" \/>65185 Wiesbade<strong>n<\/strong><\/p><p><strong>Kontakt<br data-rich-text-line-break=\"true\" \/><\/strong>Telefon: 01772702900<br data-rich-text-line-break=\"true\" \/>E-Mail: thomas-piper@web.de<\/p><p><br data-rich-text-line-break=\"true\" \/><strong>Umsatzsteuer-ID<\/strong><br data-rich-text-line-break=\"true\" \/>Umsatzsteuer-Identifikationsnummer gem\u00e4\u00df \u00a727 a Umsatzsteuergesetz:<br data-rich-text-line-break=\"true\" \/>DE237460913<\/p><div class=\"entry-content\"><p><strong>Impressum<\/strong><br \/>Angaben gem\u00e4\u00df \u00a7 5 TMG<br \/>Thomas Piper<br \/>Piper-Film \u2013 Thomas Piper Mediengestaltung Bild und Ton<br \/>K\u00f6rnerstra\u00dfe 6<br \/>65185 Wiesbaden<\/p><p><strong>Kontakt<\/strong><br \/>Telefon: 01772702900<br \/>E-Mail: thomas-piper@web.de<br \/>Umsatzsteuer-ID<br \/>Umsatzsteuer-Identifikationsnummer gem\u00e4\u00df \u00a727 a Umsatzsteuergesetz:<br \/>DE237460913<\/p><p><strong>Berufsbezeichnung und berufsrechtliche Regelungen<\/strong><br \/>Berufsbezeichnung: Mediengestalter Bild und Ton<br \/>Zust\u00e4ndige Kammer: IHK<br \/>Angaben zur Berufshaftpflichtversicherung<br \/>Geltungsraum der Versicherung: Weltweit<\/p><p><strong>Verantwortlich fu\u0308r den Inhalt nach \u00a7 55 Abs. 2 RStV<\/strong><br \/>Thomas Piper<br \/>K\u00f6rnerstra\u00dfe 6<br \/>65185 Wiesbaden<\/p><p>Wir sind nicht bereit oder verpflichtet, an Streitbeilegungsverfahren vor einer<br \/>Verbraucherschlichtungsstelle teilzunehmen.<br \/>Haftung fu\u0308r Inhalte<br \/>Als Diensteanbieter sind wir gem\u00e4\u00df \u00a7 7 Abs.1 TMG fu\u0308r eigene Inhalte auf diesen Seiten nach den<br \/>allgemeinen Gesetzen verantwortlich. Nach \u00a7\u00a7 8 bis 10 TMG sind wir als Diensteanbieter jedoch nicht<br \/>verpflichtet, u\u0308bermittelte oder gespeicherte fremde Informationen zu u\u0308berwachen oder nach Umst\u00e4nden zu<br \/>forschen, die auf eine rechtswidrige T\u00e4tigkeit hinweisen.<br \/>Verpflichtungen zur Entfernung oder Sperrung der Nutzung von Informationen nach den allgemeinen<br \/>Gesetzen bleiben hiervon unberu\u0308hrt. Eine diesbezu\u0308gliche Haftung ist jedoch erst ab dem Zeitpunkt der<br \/>Kenntnis einer konkreten Rechtsverletzung m\u00f6glich. Bei Bekanntwerden von entsprechenden<br \/>Rechtsverletzungen werden wir diese Inhalte umgehend entfernen.<\/p><p><strong>Haftung fu\u0308r Links<\/strong><br \/>Unser Angebot enth\u00e4lt Links zu externen Websites Dritter, auf deren Inhalte wir keinen Einfluss haben.<br \/>Deshalb k\u00f6nnen wir fu\u0308r diese fremden Inhalte auch keine Gew\u00e4hr u\u0308bernehmen. Fu\u0308r die Inhalte der<br \/>verlinkten Seiten ist stets der jeweilige Anbieter oder Betreiber der Seiten verantwortlich. Die verlinkten<br \/>Seiten wurden zum Zeitpunkt der Verlinkung auf m\u00f6gliche Rechtsverst\u00f6\u00dfe u\u0308berpru\u0308ft. Rechtswidrige Inhalte<br \/>waren zum Zeitpunkt der Verlinkung nicht erkennbar.<br \/>Eine permanente inhaltliche Kontrolle der verlinkten Seiten ist jedoch ohne konkrete Anhaltspunkte einer<br \/>Rechtsverletzung nicht zumutbar. Bei Bekanntwerden von Rechtsverletzungen werden wir derartige Links<br \/>umgehend entfernen.<\/p><p><strong>Urheberrecht<\/strong><br \/>Die durch die Seitenbetreiber erstellten Inhalte und Werke auf diesen Seiten unterliegen dem deutschen<br \/>Urheberrecht. Die Vervielf\u00e4ltigung, Bearbeitung, Verbreitung und jede Art der Verwertung au\u00dferhalb der<br \/>Grenzen des Urheberrechtes bedu\u0308rfen der schriftlichen Zustimmung des jeweiligen Autors bzw. Erstellers.<br \/>Downloads und Kopien dieser Seite sind nur fu\u0308r den privaten, nicht kommerziellen Gebrauch gestattet.<br \/>Soweit die Inhalte auf dieser Seite nicht vom Betreiber erstellt wurden, werden die Urheberrechte Dritter<br \/>beachtet. Insbesondere werden Inhalte Dritter als solche gekennzeichnet. Sollten Sie trotzdem auf eine<br \/>Urheberrechtsverletzung aufmerksam werden, bitten wir um einen entsprechenden Hinweis. Bei<br \/>Bekanntwerden von Rechtsverletzungen werden wir derartige Inhalte umgehend entfernen.<\/p><p><strong>Quelle:<\/strong><br \/>https:\/\/www.e-recht24.de\/impressum-generator.html<\/p><\/div><footer class=\"entry-footer\"><p><span class=\"edit-link\"><a class=\"post-edit-link\" href=\"http:\/\/thomas-piper.de\/wp-admin\/post.php?post=389&amp;action=edit\">Edit<\/a><\/span><\/p><\/footer><aside id=\"secondary\" class=\"sidebar widget-area\"><div class=\"widget-wrapper\"><div id=\"search-2\" class=\"widget widget_search\"><form class=\"search-form\" role=\"search\" action=\"http:\/\/thomas-piper.de\/\" method=\"get\"><label><br \/><span class=\"screen-reader-text\">Search for:<\/span><br \/><input id=\"s\" class=\"search-field\" name=\"s\" type=\"search\" value=\"\" placeholder=\"Search\" \/><br \/><\/label><\/form><\/div><\/div><\/aside><div id=\"main\" class=\"site-main clearfix\"><aside id=\"secondary\" class=\"sidebar widget-area\"><div class=\"widget-wrapper\"><div id=\"recent-comments-2\" class=\"widget widget_recent_comments\"><h3 class=\"widget-title\">Neueste Kommentare<\/h3><\/div><\/div><div class=\"widget-wrapper\"><div id=\"archives-2\" class=\"widget widget_archive\"><h3 class=\"widget-title\">Archive<\/h3><\/div><\/div><div class=\"widget-wrapper\"><div id=\"categories-2\" class=\"widget widget_categories\"><h3 class=\"widget-title\">Kategorien<\/h3><ul><li class=\"cat-item-none\">Keine Kategorien<\/li><\/ul><\/div><\/div><div class=\"widget-wrapper\"><div id=\"meta-2\" class=\"widget widget_meta\"><h3 class=\"widget-title\">Meta<\/h3><ul><li><a href=\"http:\/\/thomas-piper.de\/wp-admin\/\">Website-Administration<\/a><\/li><li><a href=\"http:\/\/thomas-piper.de\/wp-login.php?action=logout&amp;_wpnonce=f16403e141\">Abmelden<\/a><\/li><li><a href=\"http:\/\/thomas-piper.de\/?feed=rss2\">Feed der Eintr\u00e4ge<\/a><\/li><li><a href=\"http:\/\/thomas-piper.de\/?feed=comments-rss2\">Kommentare-Feed<\/a><\/li><li><a href=\"https:\/\/de.wordpress.org\/\">WordPress.org<\/a><\/li><\/ul><\/div><\/div><\/aside><\/div><footer id=\"colophon\" class=\"site-footer clearfix\"><div class=\"row\"><div class=\"col-6\"><div class=\"credits\">\u00a9 2022 Kameramann Wiesbaden Thomas Piper<br \/><a href=\"https:\/\/wordpress.org\/\">Powered by WordPress<\/a><br \/><span class=\"sep\"> \/ <\/span><br \/><a href=\"https:\/\/www.designlabthemes.com\/\" rel=\"nofollow\">Theme by Design Lab<\/a><\/div><\/div><div class=\"col-6\"><nav id=\"footer-navigation\" class=\"footer-navigation\"><div class=\"menu-container\"><ul id=\"secondary-menu\" class=\"menu\"><li class=\"menu-item menu-item-type-post_type menu-item-object-page menu-item-home menu-item-281\"><a href=\"http:\/\/thomas-piper.de\/\">Kameramann VJ<\/a><\/li><li class=\"menu-item menu-item-type-post_type menu-item-object-page menu-item-317\"><a href=\"http:\/\/thomas-piper.de\/?page_id=233\">Thomas Piper<\/a><\/li><li class=\"menu-item menu-item-type-post_type menu-item-object-page menu-item-193\"><a href=\"http:\/\/thomas-piper.de\/?page_id=18\">\u00fcber mich<\/a><\/li><li class=\"menu-item menu-item-type-post_type menu-item-object-page menu-item-192\"><a href=\"http:\/\/thomas-piper.de\/?page_id=82\">Leistungen<\/a><\/li><li class=\"menu-item menu-item-type-post_type menu-item-object-page menu-item-280\"><a href=\"http:\/\/thomas-piper.de\/?page_id=16\">Videos<\/a><\/li><li class=\"menu-item menu-item-type-post_type menu-item-object-page menu-item-186\"><a href=\"http:\/\/thomas-piper.de\/?page_id=84\">login<\/a><\/li><li class=\"menu-item menu-item-type-post_type menu-item-object-page menu-item-358\"><a href=\"http:\/\/thomas-piper.de\/?page_id=357\">Datenschutz<\/a><\/li><li class=\"menu-item menu-item-type-post_type menu-item-object-page current-menu-item page_item page-item-389 current_page_item menu-item-391\"><a href=\"http:\/\/thomas-piper.de\/?page_id=389\" aria-current=\"page\">Impressum<\/a><\/li><\/ul><\/div><\/nav><\/div><\/div><\/footer>\t\t\t\t\t\t\t\t<\/div>\n\t\t\t\t<\/div>\n\t\t\t\t\t<\/div>\n\t\t<\/div>\n\t\t\t\t\t<\/div>\n\t\t<\/section>\n\t\t\t\t<\/div>\n\t\t","protected":false},"excerpt":{"rendered":"<p>Impressum: Angaben gem\u00e4\u00df \u00a7 5 TMG Verantwortlich fu\u0308r den Inhalt Thomas PiperK\u00f6rnerstra\u00dfe 665185 Wiesbaden KontaktTelefon: 01772702900E-Mail: thomas-piper@web.de Umsatzsteuer-IDUmsatzsteuer-Identifikationsnummer gem\u00e4\u00df \u00a727 a Umsatzsteuergesetz:DE237460913 ImpressumAngaben gem\u00e4\u00df&#8230;<\/p>\n","protected":false},"author":1,"featured_media":0,"parent":0,"menu_order":99,"comment_status":"closed","ping_status":"closed","template":"elementor_header_footer","meta":{"footnotes":""},"class_list":["post-13","page","type-page","status-publish","hentry"],"_links":{"self":[{"href":"https:\/\/thomas-piper.de\/index.php?rest_route=\/wp\/v2\/pages\/13","targetHints":{"allow":["GET"]}}],"collection":[{"href":"https:\/\/thomas-piper.de\/index.php?rest_route=\/wp\/v2\/pages"}],"about":[{"href":"https:\/\/thomas-piper.de\/index.php?rest_route=\/wp\/v2\/types\/page"}],"author":[{"embeddable":true,"href":"https:\/\/thomas-piper.de\/index.php?rest_route=\/wp\/v2\/users\/1"}],"replies":[{"embeddable":true,"href":"https:\/\/thomas-piper.de\/index.php?rest_route=%2Fwp%2Fv2%2Fcomments&post=13"}],"version-history":[{"count":20,"href":"https:\/\/thomas-piper.de\/index.php?rest_route=\/wp\/v2\/pages\/13\/revisions"}],"predecessor-version":[{"id":612,"href":"https:\/\/thomas-piper.de\/index.php?rest_route=\/wp\/v2\/pages\/13\/revisions\/612"}],"wp:attachment":[{"href":"https:\/\/thomas-piper.de\/index.php?rest_route=%2Fwp%2Fv2%2Fmedia&parent=13"}],"curies":[{"name":"wp","href":"https:\/\/api.w.org\/{rel}","templated":true}]}}